{"id":1597,"date":"2025-08-26T08:39:53","date_gmt":"2025-08-26T08:39:53","guid":{"rendered":"https:\/\/pferrertranslations.com\/?page_id=1597"},"modified":"2026-01-13T10:07:48","modified_gmt":"2026-01-13T10:07:48","slug":"a-propos-de-moi","status":"publish","type":"page","link":"https:\/\/pferrertranslations.com\/fr\/a-propos-de-moi\/","title":{"rendered":"\u00c0 propos de moi"},"content":{"rendered":"\t\t<div data-elementor-type=\"wp-page\" data-elementor-id=\"1597\" class=\"elementor elementor-1597\">\n\t\t\t\t\t\t<section class=\"elementor-section elementor-top-section elementor-element elementor-element-6ca21f0 elementor-section-stretched elementor-section-boxed elementor-section-height-default elementor-section-height-default\" data-id=\"6ca21f0\" data-element_type=\"section\" data-settings=\"{&quot;stretch_section&quot;:&quot;section-stretched&quot;,&quot;background_background&quot;:&quot;classic&quot;}\">\n\t\t\t\t\t\t\t<div class=\"elementor-background-overlay\"><\/div>\n\t\t\t\t\t\t\t<div class=\"elementor-container elementor-column-gap-wider\">\n\t\t\t\t\t<div class=\"elementor-column elementor-col-50 elementor-top-column elementor-element elementor-element-4d5e2e1\" data-id=\"4d5e2e1\" data-element_type=\"column\">\n\t\t\t<div class=\"elementor-widget-wrap elementor-element-populated\">\n\t\t\t\t\t\t<div class=\"elementor-element elementor-element-56dea2d elementor-widget elementor-widget-text-editor\" data-id=\"56dea2d\" data-element_type=\"widget\" data-widget_type=\"text-editor.default\">\n\t\t\t\t<div class=\"elementor-widget-container\">\n\t\t\t\t\t\t\t\t\t<h1 style=\"margin-bottom: 40px;\"><span style=\"color: #ffffff;\">Bonjour et bienvenue !<br \/><\/span><\/h1><p class=\"big\">Je suis Pedro Ferrer. Je travaille en tant que traducteur ind\u00e9pendant <span style=\"color: #ffffff;\">de l\u2019anglais et du fran\u00e7ais vers l\u2019espagnol<\/span> depuis 2014. Ma double formation en sciences et langues \u00e9trang\u00e8res me<br \/>permet de proposer un large \u00e9ventail de services linguistiques. Cliquez <a href=\"https:\/\/pferrertranslations.com\/fr\/services\/\"><span style=\"color: #ffffff;\">ici<\/span><\/a> pour les d\u00e9couvrir.<\/p>\t\t\t\t\t\t\t\t<\/div>\n\t\t\t\t<\/div>\n\t\t\t\t\t<\/div>\n\t\t<\/div>\n\t\t\t\t<div class=\"elementor-column elementor-col-50 elementor-top-column elementor-element elementor-element-4c96514\" data-id=\"4c96514\" data-element_type=\"column\" data-settings=\"{&quot;background_background&quot;:&quot;classic&quot;}\">\n\t\t\t<div class=\"elementor-widget-wrap elementor-element-populated\">\n\t\t\t\t\t\t<div class=\"elementor-element elementor-element-fafea3a animated-fast elementor-invisible elementor-widget elementor-widget-image\" data-id=\"fafea3a\" data-element_type=\"widget\" data-settings=\"{&quot;_animation&quot;:&quot;fadeInUp&quot;}\" data-widget_type=\"image.default\">\n\t\t\t\t<div class=\"elementor-widget-container\">\n\t\t\t\t\t\t\t\t\t\t\t\t\t\t\t<img fetchpriority=\"high\" decoding=\"async\" width=\"1031\" height=\"1200\" src=\"https:\/\/pferrertranslations.com\/wp-content\/uploads\/2025\/06\/traductor_sobremi_perfil_pedro_ferrer-1031x1200.png\" class=\"attachment-large size-large wp-image-947\" alt=\"Pedro Ferrer\" srcset=\"https:\/\/pferrertranslations.com\/wp-content\/uploads\/2025\/06\/traductor_sobremi_perfil_pedro_ferrer-1031x1200.png 1031w, https:\/\/pferrertranslations.com\/wp-content\/uploads\/2025\/06\/traductor_sobremi_perfil_pedro_ferrer-429x500.png 429w, https:\/\/pferrertranslations.com\/wp-content\/uploads\/2025\/06\/traductor_sobremi_perfil_pedro_ferrer-258x300.png 258w, https:\/\/pferrertranslations.com\/wp-content\/uploads\/2025\/06\/traductor_sobremi_perfil_pedro_ferrer-768x894.png 768w, https:\/\/pferrertranslations.com\/wp-content\/uploads\/2025\/06\/traductor_sobremi_perfil_pedro_ferrer-1319x1536.png 1319w, https:\/\/pferrertranslations.com\/wp-content\/uploads\/2025\/06\/traductor_sobremi_perfil_pedro_ferrer-64x75.png 64w, https:\/\/pferrertranslations.com\/wp-content\/uploads\/2025\/06\/traductor_sobremi_perfil_pedro_ferrer-480x559.png 480w, https:\/\/pferrertranslations.com\/wp-content\/uploads\/2025\/06\/traductor_sobremi_perfil_pedro_ferrer.png 1687w\" sizes=\"(max-width:767px) 480px, (max-width:1031px) 100vw, 1031px\" \/>\t\t\t\t\t\t\t\t\t\t\t\t\t\t\t<\/div>\n\t\t\t\t<\/div>\n\t\t\t\t\t<\/div>\n\t\t<\/div>\n\t\t\t\t\t<\/div>\n\t\t<\/section>\n\t\t\t\t<section class=\"elementor-section elementor-top-section elementor-element elementor-element-e7d66ff elementor-section-stretched elementor-section-boxed elementor-section-height-default elementor-section-height-default\" data-id=\"e7d66ff\" data-element_type=\"section\" data-settings=\"{&quot;stretch_section&quot;:&quot;section-stretched&quot;,&quot;background_background&quot;:&quot;classic&quot;}\">\n\t\t\t\t\t\t<div class=\"elementor-container elementor-column-gap-wider\">\n\t\t\t\t\t<div class=\"elementor-column elementor-col-100 elementor-top-column elementor-element elementor-element-e93a903\" data-id=\"e93a903\" data-element_type=\"column\">\n\t\t\t<div class=\"elementor-widget-wrap elementor-element-populated\">\n\t\t\t\t\t\t<div class=\"elementor-element elementor-element-bc20e84 elementor-widget elementor-widget-text-editor\" data-id=\"bc20e84\" data-element_type=\"widget\" data-widget_type=\"text-editor.default\">\n\t\t\t\t<div class=\"elementor-widget-container\">\n\t\t\t\t\t\t\t\t\t<h2 style=\"font-size: 35px;\"><img decoding=\"async\" class=\"alignnone wp-image-721\" src=\"https:\/\/pferrertranslations.com\/wp-content\/uploads\/2025\/06\/Recurso_1_pedro_ferrer.png\" alt=\"\" width=\"27\" height=\"19\" srcset=\"https:\/\/pferrertranslations.com\/wp-content\/uploads\/2025\/06\/Recurso_1_pedro_ferrer.png 163w, https:\/\/pferrertranslations.com\/wp-content\/uploads\/2025\/06\/Recurso_1_pedro_ferrer-150x113.png 150w, https:\/\/pferrertranslations.com\/wp-content\/uploads\/2025\/06\/Recurso_1_pedro_ferrer-108x75.png 108w\" sizes=\"(max-width:767px) 27px, 27px\" \/> <span style=\"color: #3657a6;\">Quel a \u00e9t\u00e9 mon parcours ? <br \/><\/span><\/h2>\t\t\t\t\t\t\t\t<\/div>\n\t\t\t\t<\/div>\n\t\t\t\t<section class=\"elementor-section elementor-inner-section elementor-element elementor-element-ad6b883 elementor-section-boxed elementor-section-height-default elementor-section-height-default\" data-id=\"ad6b883\" data-element_type=\"section\">\n\t\t\t\t\t\t<div class=\"elementor-container elementor-column-gap-default\">\n\t\t\t\t\t<div class=\"elementor-column elementor-col-50 elementor-inner-column elementor-element elementor-element-cef40bb\" data-id=\"cef40bb\" data-element_type=\"column\">\n\t\t\t<div class=\"elementor-widget-wrap elementor-element-populated\">\n\t\t\t\t\t\t<div class=\"elementor-element elementor-element-da98c08 elementor-widget elementor-widget-text-editor\" data-id=\"da98c08\" data-element_type=\"widget\" data-widget_type=\"text-editor.default\">\n\t\t\t\t<div class=\"elementor-widget-container\">\n\t\t\t\t\t\t\t\t\t<p>J\u2019ai commenc\u00e9 par une licence en Chimie organique, puis j\u2019ai suivi un master en G\u00e9nie de l\u2019environnement tout en continuant ma formation en langues (Institut Fran\u00e7ais, \u00c9cole officielle de langues et Universit\u00e9).<\/p>\t\t\t\t\t\t\t\t<\/div>\n\t\t\t\t<\/div>\n\t\t\t\t\t<\/div>\n\t\t<\/div>\n\t\t\t\t<div class=\"elementor-column elementor-col-50 elementor-inner-column elementor-element elementor-element-54599c6\" data-id=\"54599c6\" data-element_type=\"column\">\n\t\t\t<div class=\"elementor-widget-wrap elementor-element-populated\">\n\t\t\t\t\t\t<div class=\"elementor-element elementor-element-658a99d elementor-widget elementor-widget-text-editor\" data-id=\"658a99d\" data-element_type=\"widget\" data-widget_type=\"text-editor.default\">\n\t\t\t\t<div class=\"elementor-widget-container\">\n\t\t\t\t\t\t\t\t\t<p>J\u2019ai ensuite particip\u00e9 \u00e0 des projets de recherche chimique et pharmaceutique pour diff\u00e9rents laboratoires, avant de me lancer dans le secteur commercial, o\u00f9 j\u2019ai \u00e9t\u00e9 responsable de plusieurs march\u00e9s europ\u00e9ens dans trois soci\u00e9t\u00e9s espagnoles.<\/p><p><span style=\"color: #3657a6;\"><em>Ces exp\u00e9riences professionnelles m\u2019ont permis de ma\u00eetriser les termes sp\u00e9cifiques aux domaines du marketing et de la communication technique et institutionnelle. Je suis ravi de <br \/>mettre ces connaissances \u00e0 votre disposition.<\/em><\/span><\/p>\t\t\t\t\t\t\t\t<\/div>\n\t\t\t\t<\/div>\n\t\t\t\t\t<\/div>\n\t\t<\/div>\n\t\t\t\t\t<\/div>\n\t\t<\/section>\n\t\t\t\t\t<\/div>\n\t\t<\/div>\n\t\t\t\t\t<\/div>\n\t\t<\/section>\n\t\t\t\t<section class=\"elementor-section elementor-top-section elementor-element elementor-element-e94b654 elementor-section-stretched elementor-section-full_width elementor-section-content-middle elementor-section-height-default elementor-section-height-default\" data-id=\"e94b654\" data-element_type=\"section\" data-settings=\"{&quot;stretch_section&quot;:&quot;section-stretched&quot;}\">\n\t\t\t\t\t\t<div class=\"elementor-container elementor-column-gap-wider\">\n\t\t\t\t\t<div class=\"elementor-column elementor-col-50 elementor-top-column elementor-element elementor-element-84cc90b\" data-id=\"84cc90b\" data-element_type=\"column\" data-settings=\"{&quot;background_background&quot;:&quot;classic&quot;}\">\n\t\t\t<div class=\"elementor-widget-wrap elementor-element-populated\">\n\t\t\t\t\t\t<div class=\"elementor-element elementor-element-60ba225 elementor-invisible elementor-widget elementor-widget-image\" data-id=\"60ba225\" data-element_type=\"widget\" data-settings=\"{&quot;_animation&quot;:&quot;fadeIn&quot;,&quot;_animation_delay&quot;:200}\" data-widget_type=\"image.default\">\n\t\t\t\t<div class=\"elementor-widget-container\">\n\t\t\t\t\t\t\t\t\t\t\t\t\t\t\t<img decoding=\"async\" width=\"669\" height=\"767\" src=\"https:\/\/pferrertranslations.com\/wp-content\/uploads\/2025\/06\/comunicar_pedro_ferrer.png\" class=\"attachment-large size-large wp-image-820\" alt=\"comunicar\" srcset=\"https:\/\/pferrertranslations.com\/wp-content\/uploads\/2025\/06\/comunicar_pedro_ferrer.png 669w, https:\/\/pferrertranslations.com\/wp-content\/uploads\/2025\/06\/comunicar_pedro_ferrer-436x500.png 436w, https:\/\/pferrertranslations.com\/wp-content\/uploads\/2025\/06\/comunicar_pedro_ferrer-262x300.png 262w, https:\/\/pferrertranslations.com\/wp-content\/uploads\/2025\/06\/comunicar_pedro_ferrer-65x75.png 65w, https:\/\/pferrertranslations.com\/wp-content\/uploads\/2025\/06\/comunicar_pedro_ferrer-480x550.png 480w\" sizes=\"(max-width:767px) 480px, 669px\" \/>\t\t\t\t\t\t\t\t\t\t\t\t\t\t\t<\/div>\n\t\t\t\t<\/div>\n\t\t\t\t\t<\/div>\n\t\t<\/div>\n\t\t\t\t<div class=\"elementor-column elementor-col-50 elementor-top-column elementor-element elementor-element-9d5ffde\" data-id=\"9d5ffde\" data-element_type=\"column\" data-settings=\"{&quot;background_background&quot;:&quot;classic&quot;}\">\n\t\t\t<div class=\"elementor-widget-wrap elementor-element-populated\">\n\t\t\t\t\t\t<div class=\"elementor-element elementor-element-a411950 elementor-widget elementor-widget-text-editor\" data-id=\"a411950\" data-element_type=\"widget\" data-widget_type=\"text-editor.default\">\n\t\t\t\t<div class=\"elementor-widget-container\">\n\t\t\t\t\t\t\t\t\t<h3><span style=\"color: #ffffff;\"><strong>Communiquez efficacement <br \/><\/strong><\/span><\/h3>\t\t\t\t\t\t\t\t<\/div>\n\t\t\t\t<\/div>\n\t\t\t\t<div class=\"elementor-element elementor-element-346d26a elementor-widget elementor-widget-text-editor\" data-id=\"346d26a\" data-element_type=\"widget\" data-widget_type=\"text-editor.default\">\n\t\t\t\t<div class=\"elementor-widget-container\">\n\t\t\t\t\t\t\t\t\t<span style=\"color: #ffffff;\">Si vous cherchez un professionnel minutieux qui s\u2019engage envers ses clients et qui aime son travail, vous \u00eates au bon endroit. N\u2019h\u00e9sitez pas \u00e0 me contacter pour discuter de vos projets.<\/span>\t\t\t\t\t\t\t\t<\/div>\n\t\t\t\t<\/div>\n\t\t\t\t<div class=\"elementor-element elementor-element-b018a64 elementor-align-left elementor-widget__width-auto elementor-widget elementor-widget-button\" data-id=\"b018a64\" data-element_type=\"widget\" data-widget_type=\"button.default\">\n\t\t\t\t<div class=\"elementor-widget-container\">\n\t\t\t\t\t\t\t\t\t<div class=\"elementor-button-wrapper\">\n\t\t\t\t\t<a class=\"elementor-button elementor-button-link elementor-size-sm\" href=\"https:\/\/pferrertranslations.com\/fr\/contact\/\">\n\t\t\t\t\t\t<span class=\"elementor-button-content-wrapper\">\n\t\t\t\t\t\t\t\t\t<span class=\"elementor-button-text\">Me contacter<\/span>\n\t\t\t\t\t<\/span>\n\t\t\t\t\t<\/a>\n\t\t\t\t<\/div>\n\t\t\t\t\t\t\t\t<\/div>\n\t\t\t\t<\/div>\n\t\t\t\t\t<\/div>\n\t\t<\/div>\n\t\t\t\t\t<\/div>\n\t\t<\/section>\n\t\t\t\t<\/div>\n\t\t","protected":false},"excerpt":{"rendered":"<p>Bonjour et bienvenue ! Je suis Pedro Ferrer. Je travaille en tant que traducteur ind\u00e9pendant de l\u2019anglais et du fran\u00e7ais vers l\u2019espagnol depuis 2014. Ma double<span class=\"excerpt-hellip\"> [\u2026]<\/span><\/p>\n","protected":false},"author":1,"featured_media":-1,"parent":0,"menu_order":0,"comment_status":"open","ping_status":"closed","template":"","meta":{"footnotes":""},"class_list":["post-1597","page","type-page","status-publish","has-post-thumbnail","hentry"],"yoast_head":"<!-- This site is optimized with the Yoast SEO plugin v25.6 - https:\/\/yoast.com\/wordpress\/plugins\/seo\/ -->\n<title>\u00c0 propos de moi - Pedro Ferrer<\/title>\n<meta name=\"robots\" content=\"index, follow, max-snippet:-1, max-image-preview:large, max-video-preview:-1\" \/>\n<link rel=\"canonical\" href=\"https:\/\/pferrertranslations.com\/fr\/a-propos-de-moi\/\" \/>\n<meta property=\"og:locale\" content=\"fr_FR\" \/>\n<meta property=\"og:type\" content=\"article\" \/>\n<meta property=\"og:title\" content=\"\u00c0 propos de moi - Pedro Ferrer\" \/>\n<meta property=\"og:description\" content=\"Bonjour et bienvenue ! Je suis Pedro Ferrer. Je travaille en tant que traducteur ind\u00e9pendant de l\u2019anglais et du fran\u00e7ais vers l\u2019espagnol depuis 2014. Ma double [\u2026]\" \/>\n<meta property=\"og:url\" content=\"https:\/\/pferrertranslations.com\/fr\/a-propos-de-moi\/\" \/>\n<meta property=\"og:site_name\" content=\"Pedro Ferrer\" \/>\n<meta property=\"article:modified_time\" content=\"2026-01-13T10:07:48+00:00\" \/>\n<meta name=\"twitter:card\" content=\"summary_large_image\" \/>\n<meta name=\"twitter:label1\" content=\"Dur\u00e9e de lecture estim\u00e9e\" \/>\n\t<meta name=\"twitter:data1\" content=\"2 minutes\" \/>\n<script type=\"application\/ld+json\" class=\"yoast-schema-graph\">{\"@context\":\"https:\/\/schema.org\",\"@graph\":[{\"@type\":\"WebPage\",\"@id\":\"https:\/\/pferrertranslations.com\/fr\/a-propos-de-moi\/\",\"url\":\"https:\/\/pferrertranslations.com\/fr\/a-propos-de-moi\/\",\"name\":\"\u00c0 propos de moi - Pedro Ferrer\",\"isPartOf\":{\"@id\":\"https:\/\/pferrertranslations.com\/#website\"},\"primaryImageOfPage\":{\"@id\":\"https:\/\/pferrertranslations.com\/fr\/a-propos-de-moi\/#primaryimage\"},\"image\":{\"@id\":\"https:\/\/pferrertranslations.com\/fr\/a-propos-de-moi\/#primaryimage\"},\"thumbnailUrl\":\"https:\/\/pferrertranslations.com\/wp-content\/uploads\/2025\/06\/traductor_sobremi_perfil_pedro_ferrer-1031x1200.png\",\"datePublished\":\"2025-08-26T08:39:53+00:00\",\"dateModified\":\"2026-01-13T10:07:48+00:00\",\"breadcrumb\":{\"@id\":\"https:\/\/pferrertranslations.com\/fr\/a-propos-de-moi\/#breadcrumb\"},\"inLanguage\":\"fr-FR\",\"potentialAction\":[{\"@type\":\"ReadAction\",\"target\":[\"https:\/\/pferrertranslations.com\/fr\/a-propos-de-moi\/\"]}]},{\"@type\":\"ImageObject\",\"inLanguage\":\"fr-FR\",\"@id\":\"https:\/\/pferrertranslations.com\/fr\/a-propos-de-moi\/#primaryimage\",\"url\":\"https:\/\/pferrertranslations.com\/wp-content\/uploads\/2025\/06\/traductor_sobremi_perfil_pedro_ferrer-1031x1200.png\",\"contentUrl\":\"https:\/\/pferrertranslations.com\/wp-content\/uploads\/2025\/06\/traductor_sobremi_perfil_pedro_ferrer-1031x1200.png\"},{\"@type\":\"BreadcrumbList\",\"@id\":\"https:\/\/pferrertranslations.com\/fr\/a-propos-de-moi\/#breadcrumb\",\"itemListElement\":[{\"@type\":\"ListItem\",\"position\":1,\"name\":\"Portada\",\"item\":\"https:\/\/pferrertranslations.com\/fr\/\"},{\"@type\":\"ListItem\",\"position\":2,\"name\":\"\u00c0 propos de moi\"}]},{\"@type\":\"WebSite\",\"@id\":\"https:\/\/pferrertranslations.com\/#website\",\"url\":\"https:\/\/pferrertranslations.com\/\",\"name\":\"Pedro Ferrer\",\"description\":\"Especialista en traducci\u00f3n t\u00e9cnica y de marketing\",\"potentialAction\":[{\"@type\":\"SearchAction\",\"target\":{\"@type\":\"EntryPoint\",\"urlTemplate\":\"https:\/\/pferrertranslations.com\/?s={search_term_string}\"},\"query-input\":{\"@type\":\"PropertyValueSpecification\",\"valueRequired\":true,\"valueName\":\"search_term_string\"}}],\"inLanguage\":\"fr-FR\"}]}<\/script>\n<!-- \/ Yoast SEO plugin. -->","yoast_head_json":{"title":"\u00c0 propos de moi - Pedro Ferrer","robots":{"index":"index","follow":"follow","max-snippet":"max-snippet:-1","max-image-preview":"max-image-preview:large","max-video-preview":"max-video-preview:-1"},"canonical":"https:\/\/pferrertranslations.com\/fr\/a-propos-de-moi\/","og_locale":"fr_FR","og_type":"article","og_title":"\u00c0 propos de moi - Pedro Ferrer","og_description":"Bonjour et bienvenue ! Je suis Pedro Ferrer. Je travaille en tant que traducteur ind\u00e9pendant de l\u2019anglais et du fran\u00e7ais vers l\u2019espagnol depuis 2014. Ma double [\u2026]","og_url":"https:\/\/pferrertranslations.com\/fr\/a-propos-de-moi\/","og_site_name":"Pedro Ferrer","article_modified_time":"2026-01-13T10:07:48+00:00","twitter_card":"summary_large_image","twitter_misc":{"Dur\u00e9e de lecture estim\u00e9e":"2 minutes"},"schema":{"@context":"https:\/\/schema.org","@graph":[{"@type":"WebPage","@id":"https:\/\/pferrertranslations.com\/fr\/a-propos-de-moi\/","url":"https:\/\/pferrertranslations.com\/fr\/a-propos-de-moi\/","name":"\u00c0 propos de moi - Pedro Ferrer","isPartOf":{"@id":"https:\/\/pferrertranslations.com\/#website"},"primaryImageOfPage":{"@id":"https:\/\/pferrertranslations.com\/fr\/a-propos-de-moi\/#primaryimage"},"image":{"@id":"https:\/\/pferrertranslations.com\/fr\/a-propos-de-moi\/#primaryimage"},"thumbnailUrl":"https:\/\/pferrertranslations.com\/wp-content\/uploads\/2025\/06\/traductor_sobremi_perfil_pedro_ferrer-1031x1200.png","datePublished":"2025-08-26T08:39:53+00:00","dateModified":"2026-01-13T10:07:48+00:00","breadcrumb":{"@id":"https:\/\/pferrertranslations.com\/fr\/a-propos-de-moi\/#breadcrumb"},"inLanguage":"fr-FR","potentialAction":[{"@type":"ReadAction","target":["https:\/\/pferrertranslations.com\/fr\/a-propos-de-moi\/"]}]},{"@type":"ImageObject","inLanguage":"fr-FR","@id":"https:\/\/pferrertranslations.com\/fr\/a-propos-de-moi\/#primaryimage","url":"https:\/\/pferrertranslations.com\/wp-content\/uploads\/2025\/06\/traductor_sobremi_perfil_pedro_ferrer-1031x1200.png","contentUrl":"https:\/\/pferrertranslations.com\/wp-content\/uploads\/2025\/06\/traductor_sobremi_perfil_pedro_ferrer-1031x1200.png"},{"@type":"BreadcrumbList","@id":"https:\/\/pferrertranslations.com\/fr\/a-propos-de-moi\/#breadcrumb","itemListElement":[{"@type":"ListItem","position":1,"name":"Portada","item":"https:\/\/pferrertranslations.com\/fr\/"},{"@type":"ListItem","position":2,"name":"\u00c0 propos de moi"}]},{"@type":"WebSite","@id":"https:\/\/pferrertranslations.com\/#website","url":"https:\/\/pferrertranslations.com\/","name":"Pedro Ferrer","description":"Especialista en traducci\u00f3n t\u00e9cnica y de marketing","potentialAction":[{"@type":"SearchAction","target":{"@type":"EntryPoint","urlTemplate":"https:\/\/pferrertranslations.com\/?s={search_term_string}"},"query-input":{"@type":"PropertyValueSpecification","valueRequired":true,"valueName":"search_term_string"}}],"inLanguage":"fr-FR"}]}},"_links":{"self":[{"href":"https:\/\/pferrertranslations.com\/fr\/wp-json\/wp\/v2\/pages\/1597","targetHints":{"allow":["GET"]}}],"collection":[{"href":"https:\/\/pferrertranslations.com\/fr\/wp-json\/wp\/v2\/pages"}],"about":[{"href":"https:\/\/pferrertranslations.com\/fr\/wp-json\/wp\/v2\/types\/page"}],"author":[{"embeddable":true,"href":"https:\/\/pferrertranslations.com\/fr\/wp-json\/wp\/v2\/users\/1"}],"replies":[{"embeddable":true,"href":"https:\/\/pferrertranslations.com\/fr\/wp-json\/wp\/v2\/comments?post=1597"}],"version-history":[{"count":27,"href":"https:\/\/pferrertranslations.com\/fr\/wp-json\/wp\/v2\/pages\/1597\/revisions"}],"predecessor-version":[{"id":1872,"href":"https:\/\/pferrertranslations.com\/fr\/wp-json\/wp\/v2\/pages\/1597\/revisions\/1872"}],"wp:featuredmedia":[{"embeddable":true,"href":"https:\/\/pferrertranslations.com\/fr\/wp-json\/"}],"wp:attachment":[{"href":"https:\/\/pferrertranslations.com\/fr\/wp-json\/wp\/v2\/media?parent=1597"}],"curies":[{"name":"wp","href":"https:\/\/api.w.org\/{rel}","templated":true}]}}